{"id":17,"date":"2018-11-19T19:50:38","date_gmt":"2018-11-19T19:50:38","guid":{"rendered":"http:\/\/localhost\/wordpress\/home\/"},"modified":"2026-04-17T10:45:41","modified_gmt":"2026-04-17T08:45:41","slug":"home","status":"publish","type":"page","link":"https:\/\/casinozephyr.net\/sl\/","title":{"rendered":"Domov"},"content":{"rendered":"<img loading=\"lazy\" decoding=\"async\" src=\"https:\/\/casinozephyr.net\/wp-content\/uploads\/2020\/08\/Novi-logo-200.png\" alt=\"Novi logo 200\" itemprop=\"image\" height=\"77\" width=\"200\" title=\"Novi logo 200\" onerror=\"this.style.display='none'\"  \/>\n\t\t\t\t<img decoding=\"async\" src=\"http:\/\/localhost\/wordpress\/wp-content\/uploads\/2020\/08\/9N3B8082-Large.jpg\" alt=\"9N3B8082 (Large)\" itemprop=\"image\"\/>\n\t\t\t<h3>\n\t\t\t\t\tCASINO\n\t\t\t\t<\/h3>\n\t\t\t\n\t<strong>VSAKI DAN<br \/>\n od 07:00 do 05:00<\/strong>\n\t<a href=\"#casino\" target=\"_self\" role=\"button\">\n\t\t\t\tMore&#8230;\n\t\t\t<\/a>\n\t\t\t\t<img decoding=\"async\" src=\"http:\/\/localhost\/wordpress\/wp-content\/uploads\/2020\/08\/9N3B8016-Large.jpg\" alt=\"9N3B8016 (Large)\" itemprop=\"image\"\/>\n\t\t\t<h3>\n\t\t\t\t\tRESTAVRACIJA\n\t\t\t\t<\/h3>\n\t\t\t\n\t<strong>VSAKI DAN<br \/>\nod 12:00 do 23:00<\/strong>\n\t<a href=\"#restaurant\" target=\"_self\" role=\"button\">\n\t\t\t\tMore&#8230;\n\t\t\t<\/a>\n\t\t\t\t<img decoding=\"async\" src=\"http:\/\/localhost\/wordpress\/wp-content\/uploads\/2020\/08\/9N3B8362-Large.jpg\" alt=\"9N3B8362 (Large)\" itemprop=\"image\"\/>\n\t\t\t<h3>\n\t\t\t\t\tNAMESTITEV\n\t\t\t\t<\/h3>\n\t\t\t\n\t<p><strong>VSAKI DAN 24h<\/strong><\/p>\n\t<a href=\"#hotel\" target=\"_self\" role=\"button\">\n\t\t\t\tMore&#8230;\n\t\t\t<\/a>\n\t\t\t<h2>\n\t\t\t\t\tO NAS\n\t\t\t\t<\/h2>\n\t\t\t\n\tCasino Zephyr z ve\u010dletno tradicijo je prostor zabave in sprostive pod mediteransko klimo. Poleg igranja na sre\u010do vam ponujamo tudi namestitev in odli\u010dno izbire hrane v restavraciji. <br \/>Posebej ponosni smo na na\u0161o restavracijo Plovanija, kjer vam bodo izvrstni kuharji pripravili odli\u010dne jedi. Ponujamo a-la-carte meni, izbirate lahko med tradicionalnimi istrskimi jedmi in ribjimi specialitetami.<br \/>\nCasino Zephyr vam ponuja \u017eive igre: Black Jack, ameri\u0161ko ruleto, poker. Seveda pa je tudi elektronska ruleta in pestra izbira najnaprednej\u0161ih igralnih aparatov.<br \/>\nPonujamo vam brezpla\u010dno parkiranje na privatnem parkiri\u0161\u010du, ki se nahaja neposredno ob objektu. Prav tako je v celem objektu na voljo brezpla\u010dna internetna brez\u017ei\u010dna povezava.<br \/>\nHotel in Casino Zephyr se nahaja v bli\u017eini igri\u0161\u010da za golf Crveni vrh, ki je oddaljeno 11 kilometrov. Od slovenske meje je oddaljeno le 5 minut, prav tako je samo 1 km od Istrskega ipsilona. Blizu je tudi pla\u017ea Kanegra, mesto Umag, privla\u010dno mestece Gro\u017enjan in nenazadnje tudi Pula.<br \/>\nV Puli si lahko ogledate tretji najve\u010dji amfiteater v Evropi ali pa se odpravite na Nacionalni Park Brioni, kjer vas bo o\u010darala neokrnjena narava in \u010disto morje. Zanimiv je tudi izlet po istrskem zaledju, ki je znano po olj\u010dnem olju in vinu. V na\u0161i bli\u017eini se nahaja veliko vinskih kleti, kjer lahko vina tudi degistirate. Sicer pa je okolica ve\u010d kot primerna za pohodni\u0161tvo in kolesarjenje, odpravite pa se lahko tudi na lov za tartufi. Zanimivi za obisk so Pore\u010d, Rovinj, Umag, Savudrija, kjer se lahko po ogledu mesta odpravite tudi na pla\u017ee. Zanimiv za ogled je Limski kanal in fjord v Plominu.<br \/>\nPriljubljeni vodni park Istralandia je oddaljen samo slabih 12 kilometrov.\n\t\t\t<h2>\n\t\t\t\t\tNAGRADNA IGRA\n\t\t\t\t<\/h2>\n\t\t\t\n\t\t\t\t<img loading=\"lazy\" decoding=\"async\" src=\"https:\/\/casinozephyr.net\/wp-content\/uploads\/2025\/06\/TURNO-KOLO-13.09.2025.-A4-900.jpg\" alt=\"TURNO KOLO - 13.09.2025. (A4) (900)\" itemprop=\"image\" height=\"1253\" width=\"900\" title=\"TURNO KOLO - 13.09.2025. (A4) (900)\" onerror=\"this.style.display='none'\"  \/>\n\t<a href=\"https:\/\/casinozephyr.net\/wp-content\/uploads\/2025\/06\/Pravilnik-nagradne-igre-2025.-2026.-TOCAN.pdf\" target=\"_blank\" role=\"button\" rel=\"noopener\" >\n\t\t\t\tPRAVILA NAGRADNE IGRE\n\t\t\t<\/a>\n\t<a href=\"https:\/\/casinozephyr.net\/wp-content\/uploads\/2026\/02\/REZULTATI-NAGRADNE-IGRE-PROMO-POBJEDNICI-21.02.2026.pdf\" target=\"_blank\" role=\"button\" rel=\"noopener\" >\n\t\t\t\tWINNERS OF THE PRIZE GAME &#8211; PROMO\n\t\t\t<\/a>\n\t\t\t<h2>\n\t\t\t\t\tCASINO\n\t\t\t\t<\/h2>\n\t\t\t\n                    <img decoding=\"async\" src=\"https:\/\/casinozephyr.net\/wp-content\/uploads\/2020\/08\/9N3B8117-Large.jpg\" alt=\"\" \/>\n                    <img decoding=\"async\" src=\"https:\/\/casinozephyr.net\/wp-content\/uploads\/2020\/08\/9N3B8326-Large.jpg\" alt=\"\" \/>\n                    <img decoding=\"async\" src=\"https:\/\/casinozephyr.net\/wp-content\/uploads\/2020\/08\/9N3B8290-Large.jpg\" alt=\"\" \/>\n                    <img decoding=\"async\" src=\"https:\/\/casinozephyr.net\/wp-content\/uploads\/2020\/08\/9N3B8187-Large-1.jpg\" alt=\"\" \/>\n                    <img decoding=\"async\" src=\"https:\/\/casinozephyr.net\/wp-content\/uploads\/2020\/08\/9N3B8216-Large.jpg\" alt=\"\" \/>\n                    <img decoding=\"async\" src=\"https:\/\/casinozephyr.net\/wp-content\/uploads\/2020\/08\/9N3B8092-Large.jpg\" alt=\"\" \/>\n                    <img decoding=\"async\" src=\"https:\/\/casinozephyr.net\/wp-content\/uploads\/2020\/08\/9N3B8049-Large.jpg\" alt=\"\" \/>\n                    <img decoding=\"async\" src=\"https:\/\/casinozephyr.net\/wp-content\/uploads\/2020\/08\/9N3B8086-Large.jpg\" alt=\"\" \/>\n                    <img decoding=\"async\" src=\"https:\/\/casinozephyr.net\/wp-content\/uploads\/2020\/08\/9N3B8139-Large.jpg\" alt=\"\" \/>\n\t<p>Casino ponuja igralske u\u017eitke tako zahtevnim igralcem kot tistim, ki si \u017eelijo pre\u017eiveti par prijetnih uric ob igranju na razne igralne avtomate. V prostoru se nahaja kar 77 igralnih avtomatov, ena elektronska ruleta, kjer je prostora za 8 igralcev in \u0161tiri igralne mize za \u017eivo igro: Black Jack, Ameri\u0161ka ruleta, Poker. V casinoju je tudi bar, ki je odprt 24 ur.<\/p>\n\t\t\t<h2>\n\t\t\t\t\tRESTAVRACIJA\n\t\t\t\t<\/h2>\n\t\t\t\n\t<p>Restavracija Plovanija vam ponuja a-la-carte meni. Izbirate lahko med tradicionialni istrskimi specialiteti kamor sodijo tudi ribje jedi. Bogata je tudi ponudba vina, izbirate lahko med lokalnimi kot tujimi vini.<\/p>\n                    <img decoding=\"async\" src=\"https:\/\/casinozephyr.net\/wp-content\/uploads\/2020\/08\/9N3B8332-Large.jpg\" alt=\"\" \/>\n                    <img decoding=\"async\" src=\"https:\/\/casinozephyr.net\/wp-content\/uploads\/2020\/08\/9N3B8340-Large.jpg\" alt=\"\" \/>\n                    <img decoding=\"async\" src=\"https:\/\/casinozephyr.net\/wp-content\/uploads\/2020\/08\/9N3B8016-Large-1.jpg\" alt=\"\" \/>\n                    <img decoding=\"async\" src=\"https:\/\/casinozephyr.net\/wp-content\/uploads\/2020\/08\/9N3B8401-Large.jpg\" alt=\"\" \/>\n                    <img decoding=\"async\" src=\"https:\/\/casinozephyr.net\/wp-content\/uploads\/2020\/08\/9N3B8019-Large.jpg\" alt=\"\" \/>\n\t\t\t<h2>\n\t\t\t\t\tNAMESTITEV\n\t\t\t\t<\/h2>\n\t\t\t\n                    <img decoding=\"async\" src=\"https:\/\/casinozephyr.net\/wp-content\/uploads\/2020\/08\/casino-terasa-in-vhod-Large.jpg\" alt=\"\" \/>\n                    <img decoding=\"async\" src=\"https:\/\/casinozephyr.net\/wp-content\/uploads\/2020\/08\/9N3B8379-Large-2.jpg\" alt=\"\" \/>\n                    <img decoding=\"async\" src=\"https:\/\/casinozephyr.net\/wp-content\/uploads\/2020\/08\/9N3B8345-Large-2.jpg\" alt=\"\" \/>\n                    <img decoding=\"async\" src=\"https:\/\/casinozephyr.net\/wp-content\/uploads\/2020\/08\/9N3B8347-new.jpg\" alt=\"\" \/>\n                    <img decoding=\"async\" src=\"https:\/\/casinozephyr.net\/wp-content\/uploads\/2020\/08\/9N3B8382-Large.jpg\" alt=\"\" \/>\n                    <img decoding=\"async\" src=\"https:\/\/casinozephyr.net\/wp-content\/uploads\/2020\/08\/9N3B8362-Large-3.jpg\" alt=\"\" \/>\n                    <img decoding=\"async\" src=\"https:\/\/casinozephyr.net\/wp-content\/uploads\/2020\/08\/9N3B8346-new.jpg\" alt=\"\" \/>\n\t<p>Hotel razpolaga z 22 sobami, med katerimi so 3 enoposteljne, 11 sob ima veliko zakonsko posteljo, 4 triposteljne sobe in 4 suite za 4 osebe. Vse sobe so opremljene s telefonom, televizijo, mini barom in klimo.<br> V zimskem \u010dasu ogrevane. Ve\u010dina sob ima tudi balkon.<\/p>\n<p>V vseh sobah je brezpla\u010dna internetna povezava. Brezpla\u010dno je tudi privatno parkiri\u0161\u010de ob hotelu. Ob prihodu na portoro\u0161ko letali\u0161\u010de vam organiziramo tudi prevoz iz letali\u0161\u010da.<\/p>\n\t\t\t<h2>\n\t\t\t\t\tOBRATOVALNI \u010cAS\n\t\t\t\t<\/h2>\n\t\t\t\n\t<em><strong>Casino<\/strong><\/em><br \/>\nVSAKI DAN<br \/>\n od 07:00 do 05:00\n\t<strong><em>\u017diva igra<\/em><\/strong><br \/>\nVSAKI DAN<br \/>\nOD PONEDELJKA DO SOBOTE od 18 do 2 ure<br \/>\nNEDELJA od 14 do 2 ure\n\t<em><strong>Hotelska Recepcija<\/strong><\/em><br \/>\nVSAKI DAN 24h\n\t<em><strong>Restavracija Plovanija<\/strong><\/em><br \/>\nVSAKI DAN<br \/>\nod 12:00 do 23:00\n<h3>\n\t\tKJE NAS NAJDETE\n\t<\/h3>\n\t<p>Casino in hotel Zephyr se nahaja na odli\u010dni lokaciji v severni Istri, le 5 minut od slovensko-hrva\u0161ke meje ter 1 km od Istrskega ipsilona. <br>\nV neposredni bli\u017eini je letali\u0161\u010de Portoro\u017e.<\/p>\n\t<iframe src=\"https:\/\/www.google.com\/maps\/embed\/v1\/place?q=Hotel+Zephyr&#038;key=AIzaSyD09zQ9PNDNNy9TadMuzRV_UsPUoWKntt8\" aria-hidden=\"true\"><\/iframe>\n<h3>\n\t\tKONTAKT\n\t<\/h3>\n\tHOTEL &#038; CASINO ZEPHYR<br \/>\nPortoro\u0161ka 3, Plovanija<br \/>\n52460 Buje, Croatia\nCasino:<br \/>\n00385 91 600 1605<br \/>\nMichele:<br \/>\n00385 99 712 7777<br \/>\n00385 91 619 8060<br \/>\nemail: <a href=\"mailto:zephyrcasino@gmail.com\">zephyrcasino@gmail.com<\/a>\n\t<p>Copyright \u00a9 2020 Hotel &#038; Casino Zephyr<\/p>","protected":false},"excerpt":{"rendered":"<p>CASINO EVERY DAY from 07:00 to 05:00 More&#8230; RESTAURANT EVERY DAY from 12:00 to 23:00 More&#8230; HOTEL EVERY DAY 24h More&#8230; ABOUT US Casino and Hotel Zephyr with a long tradition is a place of fun and relaxation under a Mediterranean climate. In addition to gambling, we also offer accommodation and excellent food choices in &hellip;<\/p>\n<p class=\"read-more\"> <a class=\"\" href=\"https:\/\/casinozephyr.net\/sl\/\"> <span class=\"screen-reader-text\">Domov<\/span> Read More &raquo;<\/a><\/p>","protected":false},"author":1,"featured_media":0,"parent":0,"menu_order":0,"comment_status":"closed","ping_status":"closed","template":"","meta":{"_uag_custom_page_level_css":"","footnotes":""},"class_list":["post-17","page","type-page","status-publish","hentry"],"yoast_head":"<!-- This site is optimized with the Yoast SEO plugin v27.4 - https:\/\/yoast.com\/product\/yoast-seo-wordpress\/ -->\n<title>Home - HOTEL &amp; CASINO ZEPHYR<\/title>\n<meta name=\"robots\" content=\"index, follow, max-snippet:-1, max-image-preview:large, max-video-preview:-1\" \/>\n<link rel=\"canonical\" href=\"https:\/\/casinozephyr.net\/sl\/\" \/>\n<meta property=\"og:locale\" content=\"sl_SI\" \/>\n<meta property=\"og:type\" content=\"article\" \/>\n<meta property=\"og:title\" content=\"Home - HOTEL &amp; CASINO ZEPHYR\" \/>\n<meta property=\"og:description\" content=\"CASINO EVERY DAY from 07:00 to 05:00 More&#8230; RESTAURANT EVERY DAY from 12:00 to 23:00 More&#8230; HOTEL EVERY DAY 24h More&#8230; ABOUT US Casino and Hotel Zephyr with a long tradition is a place of fun and relaxation under a Mediterranean climate. In addition to gambling, we also offer accommodation and excellent food choices in &hellip; Home Read More &raquo;\" \/>\n<meta property=\"og:url\" content=\"https:\/\/casinozephyr.net\/sl\/\" \/>\n<meta property=\"og:site_name\" content=\"HOTEL &amp; CASINO ZEPHYR\" \/>\n<meta property=\"article:publisher\" content=\"https:\/\/www.facebook.com\/CasinoZephyr\" \/>\n<meta property=\"article:modified_time\" content=\"2026-04-17T08:45:41+00:00\" \/>\n<meta property=\"og:image\" content=\"https:\/\/casinozephyr.net\/wp-content\/uploads\/2020\/08\/Novi-logo-200.png\" \/>\n<meta name=\"twitter:card\" content=\"summary_large_image\" \/>\n<meta name=\"twitter:label1\" content=\"Est. reading time\" \/>\n\t<meta name=\"twitter:data1\" content=\"3 minute\" \/>\n<script type=\"application\/ld+json\" class=\"yoast-schema-graph\">{\"@context\":\"https:\\\/\\\/schema.org\",\"@graph\":[{\"@type\":\"WebPage\",\"@id\":\"https:\\\/\\\/casinozephyr.net\\\/\",\"url\":\"https:\\\/\\\/casinozephyr.net\\\/\",\"name\":\"Home - HOTEL &amp; CASINO ZEPHYR\",\"isPartOf\":{\"@id\":\"https:\\\/\\\/casinozephyr.net\\\/#website\"},\"primaryImageOfPage\":{\"@id\":\"https:\\\/\\\/casinozephyr.net\\\/#primaryimage\"},\"image\":{\"@id\":\"https:\\\/\\\/casinozephyr.net\\\/#primaryimage\"},\"thumbnailUrl\":\"https:\\\/\\\/casinozephyr.net\\\/wp-content\\\/uploads\\\/2020\\\/08\\\/Novi-logo-200.png\",\"datePublished\":\"2018-11-19T19:50:38+00:00\",\"dateModified\":\"2026-04-17T08:45:41+00:00\",\"breadcrumb\":{\"@id\":\"https:\\\/\\\/casinozephyr.net\\\/#breadcrumb\"},\"inLanguage\":\"sl-SI\",\"potentialAction\":[{\"@type\":\"ReadAction\",\"target\":[\"https:\\\/\\\/casinozephyr.net\\\/\"]}]},{\"@type\":\"ImageObject\",\"inLanguage\":\"sl-SI\",\"@id\":\"https:\\\/\\\/casinozephyr.net\\\/#primaryimage\",\"url\":\"https:\\\/\\\/casinozephyr.net\\\/wp-content\\\/uploads\\\/2020\\\/08\\\/Novi-logo-200.png\",\"contentUrl\":\"https:\\\/\\\/casinozephyr.net\\\/wp-content\\\/uploads\\\/2020\\\/08\\\/Novi-logo-200.png\"},{\"@type\":\"BreadcrumbList\",\"@id\":\"https:\\\/\\\/casinozephyr.net\\\/#breadcrumb\",\"itemListElement\":[{\"@type\":\"ListItem\",\"position\":1,\"name\":\"Home\",\"item\":\"https:\\\/\\\/casinozephyr.net\\\/\"},{\"@type\":\"ListItem\",\"position\":2,\"name\":\"Home\"}]},{\"@type\":\"WebSite\",\"@id\":\"https:\\\/\\\/casinozephyr.net\\\/#website\",\"url\":\"https:\\\/\\\/casinozephyr.net\\\/\",\"name\":\"HOTEL & CASINO ZEPHYR\",\"description\":\"Casino Zephyr\",\"publisher\":{\"@id\":\"https:\\\/\\\/casinozephyr.net\\\/#organization\"},\"potentialAction\":[{\"@type\":\"SearchAction\",\"target\":{\"@type\":\"EntryPoint\",\"urlTemplate\":\"https:\\\/\\\/casinozephyr.net\\\/?s={search_term_string}\"},\"query-input\":{\"@type\":\"PropertyValueSpecification\",\"valueRequired\":true,\"valueName\":\"search_term_string\"}}],\"inLanguage\":\"sl-SI\"},{\"@type\":\"Organization\",\"@id\":\"https:\\\/\\\/casinozephyr.net\\\/#organization\",\"name\":\"HOTEL & CASINO ZEPHYR\",\"url\":\"https:\\\/\\\/casinozephyr.net\\\/\",\"logo\":{\"@type\":\"ImageObject\",\"inLanguage\":\"sl-SI\",\"@id\":\"https:\\\/\\\/casinozephyr.net\\\/#\\\/schema\\\/logo\\\/image\\\/\",\"url\":\"https:\\\/\\\/casinozephyr.net\\\/wp-content\\\/uploads\\\/2026\\\/02\\\/logo4.png\",\"contentUrl\":\"https:\\\/\\\/casinozephyr.net\\\/wp-content\\\/uploads\\\/2026\\\/02\\\/logo4.png\",\"width\":185,\"height\":74,\"caption\":\"HOTEL & CASINO ZEPHYR\"},\"image\":{\"@id\":\"https:\\\/\\\/casinozephyr.net\\\/#\\\/schema\\\/logo\\\/image\\\/\"},\"sameAs\":[\"https:\\\/\\\/www.facebook.com\\\/CasinoZephyr\"]}]}<\/script>\n<!-- \/ Yoast SEO plugin. -->","yoast_head_json":{"title":"Home - HOTEL &amp; CASINO ZEPHYR","robots":{"index":"index","follow":"follow","max-snippet":"max-snippet:-1","max-image-preview":"max-image-preview:large","max-video-preview":"max-video-preview:-1"},"canonical":"https:\/\/casinozephyr.net\/sl\/","og_locale":"sl_SI","og_type":"article","og_title":"Home - HOTEL &amp; CASINO ZEPHYR","og_description":"CASINO EVERY DAY from 07:00 to 05:00 More&#8230; RESTAURANT EVERY DAY from 12:00 to 23:00 More&#8230; HOTEL EVERY DAY 24h More&#8230; ABOUT US Casino and Hotel Zephyr with a long tradition is a place of fun and relaxation under a Mediterranean climate. In addition to gambling, we also offer accommodation and excellent food choices in &hellip; Home Read More &raquo;","og_url":"https:\/\/casinozephyr.net\/sl\/","og_site_name":"HOTEL &amp; CASINO ZEPHYR","article_publisher":"https:\/\/www.facebook.com\/CasinoZephyr","article_modified_time":"2026-04-17T08:45:41+00:00","og_image":[{"url":"https:\/\/casinozephyr.net\/wp-content\/uploads\/2020\/08\/Novi-logo-200.png","type":"","width":"","height":""}],"twitter_card":"summary_large_image","twitter_misc":{"Est. reading time":"3 minute"},"schema":{"@context":"https:\/\/schema.org","@graph":[{"@type":"WebPage","@id":"https:\/\/casinozephyr.net\/","url":"https:\/\/casinozephyr.net\/","name":"Home - HOTEL &amp; CASINO ZEPHYR","isPartOf":{"@id":"https:\/\/casinozephyr.net\/#website"},"primaryImageOfPage":{"@id":"https:\/\/casinozephyr.net\/#primaryimage"},"image":{"@id":"https:\/\/casinozephyr.net\/#primaryimage"},"thumbnailUrl":"https:\/\/casinozephyr.net\/wp-content\/uploads\/2020\/08\/Novi-logo-200.png","datePublished":"2018-11-19T19:50:38+00:00","dateModified":"2026-04-17T08:45:41+00:00","breadcrumb":{"@id":"https:\/\/casinozephyr.net\/#breadcrumb"},"inLanguage":"sl-SI","potentialAction":[{"@type":"ReadAction","target":["https:\/\/casinozephyr.net\/"]}]},{"@type":"ImageObject","inLanguage":"sl-SI","@id":"https:\/\/casinozephyr.net\/#primaryimage","url":"https:\/\/casinozephyr.net\/wp-content\/uploads\/2020\/08\/Novi-logo-200.png","contentUrl":"https:\/\/casinozephyr.net\/wp-content\/uploads\/2020\/08\/Novi-logo-200.png"},{"@type":"BreadcrumbList","@id":"https:\/\/casinozephyr.net\/#breadcrumb","itemListElement":[{"@type":"ListItem","position":1,"name":"Home","item":"https:\/\/casinozephyr.net\/"},{"@type":"ListItem","position":2,"name":"Home"}]},{"@type":"WebSite","@id":"https:\/\/casinozephyr.net\/#website","url":"https:\/\/casinozephyr.net\/","name":"HOTEL & CASINO ZEPHYR","description":"Casino Zephyr","publisher":{"@id":"https:\/\/casinozephyr.net\/#organization"},"potentialAction":[{"@type":"SearchAction","target":{"@type":"EntryPoint","urlTemplate":"https:\/\/casinozephyr.net\/?s={search_term_string}"},"query-input":{"@type":"PropertyValueSpecification","valueRequired":true,"valueName":"search_term_string"}}],"inLanguage":"sl-SI"},{"@type":"Organization","@id":"https:\/\/casinozephyr.net\/#organization","name":"HOTEL & CASINO ZEPHYR","url":"https:\/\/casinozephyr.net\/","logo":{"@type":"ImageObject","inLanguage":"sl-SI","@id":"https:\/\/casinozephyr.net\/#\/schema\/logo\/image\/","url":"https:\/\/casinozephyr.net\/wp-content\/uploads\/2026\/02\/logo4.png","contentUrl":"https:\/\/casinozephyr.net\/wp-content\/uploads\/2026\/02\/logo4.png","width":185,"height":74,"caption":"HOTEL & CASINO ZEPHYR"},"image":{"@id":"https:\/\/casinozephyr.net\/#\/schema\/logo\/image\/"},"sameAs":["https:\/\/www.facebook.com\/CasinoZephyr"]}]}},"uagb_featured_image_src":{"full":false,"thumbnail":false,"medium":false,"medium_large":false,"large":false,"1536x1536":false,"2048x2048":false,"trp-custom-language-flag":false},"uagb_author_info":{"display_name":"admin","author_link":"https:\/\/casinozephyr.net\/sl\/author\/admin\/"},"uagb_comment_info":0,"uagb_excerpt":"CASINO EVERY DAY from 07:00 to 05:00 More&#8230; RESTAURANT EVERY DAY from 12:00 to 23:00 More&#8230; HOTEL EVERY DAY 24h More&#8230; ABOUT US Casino and Hotel Zephyr with a long tradition is a place of fun and relaxation under a Mediterranean climate. In addition to gambling, we also offer accommodation and excellent food choices in&hellip;","_links":{"self":[{"href":"https:\/\/casinozephyr.net\/sl\/wp-json\/wp\/v2\/pages\/17","targetHints":{"allow":["GET"]}}],"collection":[{"href":"https:\/\/casinozephyr.net\/sl\/wp-json\/wp\/v2\/pages"}],"about":[{"href":"https:\/\/casinozephyr.net\/sl\/wp-json\/wp\/v2\/types\/page"}],"author":[{"embeddable":true,"href":"https:\/\/casinozephyr.net\/sl\/wp-json\/wp\/v2\/users\/1"}],"replies":[{"embeddable":true,"href":"https:\/\/casinozephyr.net\/sl\/wp-json\/wp\/v2\/comments?post=17"}],"version-history":[{"count":125,"href":"https:\/\/casinozephyr.net\/sl\/wp-json\/wp\/v2\/pages\/17\/revisions"}],"predecessor-version":[{"id":25186,"href":"https:\/\/casinozephyr.net\/sl\/wp-json\/wp\/v2\/pages\/17\/revisions\/25186"}],"wp:attachment":[{"href":"https:\/\/casinozephyr.net\/sl\/wp-json\/wp\/v2\/media?parent=17"}],"curies":[{"name":"wp","href":"https:\/\/api.w.org\/{rel}","templated":true}]}}