{"id":17,"date":"2018-11-19T19:50:38","date_gmt":"2018-11-19T19:50:38","guid":{"rendered":"http:\/\/localhost\/wordpress\/home\/"},"modified":"2026-04-17T10:45:41","modified_gmt":"2026-04-17T08:45:41","slug":"home","status":"publish","type":"page","link":"https:\/\/casinozephyr.net\/it\/","title":{"rendered":"Home"},"content":{"rendered":"<img loading=\"lazy\" decoding=\"async\" src=\"https:\/\/casinozephyr.net\/wp-content\/uploads\/2020\/08\/Novi-logo-200.png\" alt=\"Novi logo 200\" itemprop=\"image\" height=\"77\" width=\"200\" title=\"Novi logo 200\" onerror=\"this.style.display='none'\"  \/>\n\t\t\t\t<img decoding=\"async\" src=\"http:\/\/localhost\/wordpress\/wp-content\/uploads\/2020\/08\/9N3B8082-Large.jpg\" alt=\"9N3B8082 (Large)\" itemprop=\"image\"\/>\n\t\t\t<h3>\n\t\t\t\t\tCASIN\u00d2\n\t\t\t\t<\/h3>\n\t\t\t\n\t<strong>OGNI GIORNO<br \/>\n dalle 07:00 alle 05:00<\/strong>\n\t<a href=\"#casino\" target=\"_self\" role=\"button\">\n\t\t\t\tMore&#8230;\n\t\t\t<\/a>\n\t\t\t\t<img decoding=\"async\" src=\"http:\/\/localhost\/wordpress\/wp-content\/uploads\/2020\/08\/9N3B8016-Large.jpg\" alt=\"9N3B8016 (Large)\" itemprop=\"image\"\/>\n\t\t\t<h3>\n\t\t\t\t\tRISTORANTE\n\t\t\t\t<\/h3>\n\t\t\t\n\t<strong>OGNI GIORNO<br \/>\ndalle 12:00 alle 23:00<\/strong>\n\t<a href=\"#restaurant\" target=\"_self\" role=\"button\">\n\t\t\t\tMore&#8230;\n\t\t\t<\/a>\n\t\t\t\t<img decoding=\"async\" src=\"http:\/\/localhost\/wordpress\/wp-content\/uploads\/2020\/08\/9N3B8362-Large.jpg\" alt=\"9N3B8362 (Large)\" itemprop=\"image\"\/>\n\t\t\t<h3>\n\t\t\t\t\tHOTEL\n\t\t\t\t<\/h3>\n\t\t\t\n\t<p><strong>OGNI GIORNO 24h<\/strong><\/p>\n\t<a href=\"#hotel\" target=\"_self\" role=\"button\">\n\t\t\t\tMore&#8230;\n\t\t\t<\/a>\n\t\t\t<h2>\n\t\t\t\t\tCHI SIAMO?\n\t\t\t\t<\/h2>\n\t\t\t\n\tIl Casin\u00f2 Zephyr con la sua lunga tradizione \u00e8 un luogo di divertimento e relax in un clima mediterraneo. Oltre ai giochi d'azzardo offriamo anche accomodazioni e scelte di ottimo cibo nel nostro ristorante. <br \/>Siamo particolarmente orgogliosi del nostro ristorante Plovanija, dove chef eccellenti preparano piatti squisiti. Offriamo un menu a-la-carte con tipici piatti istriani e specialit\u00e0 di pesce.<br \/>\nIl casin\u00f2 Zephyr offre giochi dal vivo: il Black Jack, la Roulette Americana e il Poker. Naturalmente c'\u00e8 anche la roulette elettronica e un'ampia selezione delle pi\u00f9 avanzate slot macchine.<br \/>\nOffriamo parcheggio gratuito in loco privato accanto l'edificio. La connessione Wi-Fi \u00e8 gratuita in tutta la struttura.<br \/>\nLo Zephyr si trova 11 km dal campo da golf di Crveni vrh, 5 minuti dal confine con la Slovenia e 1 km dall'autostrada istriana ipsilon (y). <br>Vicino si trova la spiaggia di Kanegra, la citt\u00e0 di Umago, l\u2019affascinante cittadina di Grisignana e anche Pola.<br \/>\nA Pola potete visitare il terzo anfiteatro pi\u00f9 grande d\u2019Europa oppure andare al Parco Nazionale di Brioni, dove rimarrete colpiti dalla natura incontaminata e dal mare pulito. Inoltre potete fare un interessante gita nell'entroterra istriano, famoso per il suo olio d'oliva e il vino. Vicino a noi potete trovare molte cantine, dove degustare il vino. Altrimenti, i dintorni sono adatti anche per escursioni e ciclismo, cos\u00ec come per la ricerca del tartufo. Inoltre potete visitare interessanti citt\u00e0 come Parenzo, Rovigno, Umago oppure Salvore, dove potete recarvi in spiaggia dopo aver visitato la citt\u00e0. Ma anche il Canale di Leme e il fiordo di Flanona sono interessanti da visitare.<br \/>\nIl famoso parco acquatico Istralandia dista poco meno di 12 km.\n\t\t\t<h2>\n\t\t\t\t\tGIOCO A PREMI\n\t\t\t\t<\/h2>\n\t\t\t\n\t\t\t\t<img loading=\"lazy\" decoding=\"async\" src=\"https:\/\/casinozephyr.net\/wp-content\/uploads\/2025\/06\/TURNO-KOLO-13.09.2025.-A4-900.jpg\" alt=\"TURNO KOLO - 13.09.2025. (A4) (900)\" itemprop=\"image\" height=\"1253\" width=\"900\" title=\"TURNO KOLO - 13.09.2025. (A4) (900)\" onerror=\"this.style.display='none'\"  \/>\n\t<a href=\"https:\/\/casinozephyr.net\/wp-content\/uploads\/2025\/06\/Pravilnik-nagradne-igre-2025.-2026.-TOCAN.pdf\" target=\"_blank\" role=\"button\" rel=\"noopener\" >\n\t\t\t\tREGOLE DEL GIOCO A PREMI\n\t\t\t<\/a>\n\t<a href=\"https:\/\/casinozephyr.net\/wp-content\/uploads\/2026\/02\/REZULTATI-NAGRADNE-IGRE-PROMO-POBJEDNICI-21.02.2026.pdf\" target=\"_blank\" role=\"button\" rel=\"noopener\" >\n\t\t\t\tWINNERS OF THE PRIZE GAME &#8211; PROMO\n\t\t\t<\/a>\n\t\t\t<h2>\n\t\t\t\t\tCASIN\u00d2\n\t\t\t\t<\/h2>\n\t\t\t\n                    <img decoding=\"async\" src=\"https:\/\/casinozephyr.net\/wp-content\/uploads\/2020\/08\/9N3B8117-Large.jpg\" alt=\"\" \/>\n                    <img decoding=\"async\" src=\"https:\/\/casinozephyr.net\/wp-content\/uploads\/2020\/08\/9N3B8326-Large.jpg\" alt=\"\" \/>\n                    <img decoding=\"async\" src=\"https:\/\/casinozephyr.net\/wp-content\/uploads\/2020\/08\/9N3B8290-Large.jpg\" alt=\"\" \/>\n                    <img decoding=\"async\" src=\"https:\/\/casinozephyr.net\/wp-content\/uploads\/2020\/08\/9N3B8187-Large-1.jpg\" alt=\"\" \/>\n                    <img decoding=\"async\" src=\"https:\/\/casinozephyr.net\/wp-content\/uploads\/2020\/08\/9N3B8216-Large.jpg\" alt=\"\" \/>\n                    <img decoding=\"async\" src=\"https:\/\/casinozephyr.net\/wp-content\/uploads\/2020\/08\/9N3B8092-Large.jpg\" alt=\"\" \/>\n                    <img decoding=\"async\" src=\"https:\/\/casinozephyr.net\/wp-content\/uploads\/2020\/08\/9N3B8049-Large.jpg\" alt=\"\" \/>\n                    <img decoding=\"async\" src=\"https:\/\/casinozephyr.net\/wp-content\/uploads\/2020\/08\/9N3B8086-Large.jpg\" alt=\"\" \/>\n                    <img decoding=\"async\" src=\"https:\/\/casinozephyr.net\/wp-content\/uploads\/2020\/08\/9N3B8139-Large.jpg\" alt=\"\" \/>\n\t<p>Il casin\u00f2 offre piaceri di gioco sia ai giocatori pi\u00f9 esperi ed esigenti che a coloro che vogliono trascorrere un paio di ore piacevoli giocando a varie slot machine. Infatti ci sono ben 77 slot machine, una roulette elettronica con spazio per otto giocatori e 7 tavoli da gioco dal vivo: il Black Jack, la Roulette Americana, il Poker e Punto Banco.<\/p>\n\t\t\t<h2>\n\t\t\t\t\tRISTORANTE\n\t\t\t\t<\/h2>\n\t\t\t\n\t<p>Il ristorante Plovanija offre un menu a-la-carte con specialit\u00e0 tradizionali istriane, compresi i piatti di pesce e una ricca scelta di vini locali e stranieri.<\/p>\n                    <img decoding=\"async\" src=\"https:\/\/casinozephyr.net\/wp-content\/uploads\/2020\/08\/9N3B8332-Large.jpg\" alt=\"\" \/>\n                    <img decoding=\"async\" src=\"https:\/\/casinozephyr.net\/wp-content\/uploads\/2020\/08\/9N3B8340-Large.jpg\" alt=\"\" \/>\n                    <img decoding=\"async\" src=\"https:\/\/casinozephyr.net\/wp-content\/uploads\/2020\/08\/9N3B8016-Large-1.jpg\" alt=\"\" \/>\n                    <img decoding=\"async\" src=\"https:\/\/casinozephyr.net\/wp-content\/uploads\/2020\/08\/9N3B8401-Large.jpg\" alt=\"\" \/>\n                    <img decoding=\"async\" src=\"https:\/\/casinozephyr.net\/wp-content\/uploads\/2020\/08\/9N3B8019-Large.jpg\" alt=\"\" \/>\n\t\t\t<h2>\n\t\t\t\t\tHOTEL\n\t\t\t\t<\/h2>\n\t\t\t\n                    <img decoding=\"async\" src=\"https:\/\/casinozephyr.net\/wp-content\/uploads\/2020\/08\/casino-terasa-in-vhod-Large.jpg\" alt=\"\" \/>\n                    <img decoding=\"async\" src=\"https:\/\/casinozephyr.net\/wp-content\/uploads\/2020\/08\/9N3B8379-Large-2.jpg\" alt=\"\" \/>\n                    <img decoding=\"async\" src=\"https:\/\/casinozephyr.net\/wp-content\/uploads\/2020\/08\/9N3B8345-Large-2.jpg\" alt=\"\" \/>\n                    <img decoding=\"async\" src=\"https:\/\/casinozephyr.net\/wp-content\/uploads\/2020\/08\/9N3B8347-new.jpg\" alt=\"\" \/>\n                    <img decoding=\"async\" src=\"https:\/\/casinozephyr.net\/wp-content\/uploads\/2020\/08\/9N3B8382-Large.jpg\" alt=\"\" \/>\n                    <img decoding=\"async\" src=\"https:\/\/casinozephyr.net\/wp-content\/uploads\/2020\/08\/9N3B8362-Large-3.jpg\" alt=\"\" \/>\n                    <img decoding=\"async\" src=\"https:\/\/casinozephyr.net\/wp-content\/uploads\/2020\/08\/9N3B8346-new.jpg\" alt=\"\" \/>\n\t<p>L'hotel dispone di 22 camere, di cui 3 camere singole, 11 camere con letto matrimoniale, 4 camere triple e 4 suite per 4 persone. Tutte le camere sono dotate di telefono, TV, minibar e aria condizionata, nel periodo invernale anche riscaldamento. La maggior parte delle camere ha un balcone.<\/p>\n<p>Tutte le camere hanno la connessione a internet gratuita. In loco \u00e8 disponibile il parcheggio privato gratuito<br>\nOffriamo anche il trasporto dall'aeroporto di Portorose, Trieste, Treviso e Venezia.\nC\u2019e la possibilita di venire pure a Trieste in stazione centrale.<\/p>\n\t\t\t<h2>\n\t\t\t\t\tORARIO DI APERTURA\n\t\t\t\t<\/h2>\n\t\t\t\n\t<em><strong>Casin\u00f2<\/strong><\/em><br \/>\nOGNI GIORNO<br \/>\n dalle 07:00 alle 05:00\n\t<strong><em>Gioco dal vivo<\/em><\/strong><br \/>\nOGNI GIORNO<br \/>\nda luned\u00ec a sabato dalle 18 alle 2<br \/>\ndi domenica dalle 14 alle 2\n\t<em><strong>Reception dell'hotel<\/strong><\/em><br \/>\nOGNI GIORNO 24h\n\t<em><strong>Ristorante Plovanija<\/strong><\/em><br \/>\nOGNI GIORNO<br \/>\ndalle 12:00 alle 23:00\n<h3>\n\t\tDOVE TROVARCI\n\t<\/h3>\n\t<p>Lo Zephyr casin\u00f2 e hotel gode di un'ottima posizione nell'Istria settentrionale, a soli 5 minuti dal confine sloveno-croato e 1 km dall\u2019autostrada istriana ipsilon (y). <br>L'aeroporto di Portorose si trova nelle immediate vicinanze.<br>\n10 min da Portorose, 20 min da Capodistria e 30 min da Trieste.<\/p>\n\t<iframe src=\"https:\/\/www.google.com\/maps\/embed\/v1\/place?q=Hotel+Zephyr&#038;key=AIzaSyD09zQ9PNDNNy9TadMuzRV_UsPUoWKntt8\" aria-hidden=\"true\"><\/iframe>\n<h3>\n\t\tCONTATTO\n\t<\/h3>\n\tHOTEL &#038; CASINO ZEPHYR<br \/>\nPortoro\u0161ka 3, Plovanija<br \/>\n52460 Buje, Croatia\nCasino:<br \/>\n00385 91 600 1605<br \/>\nMichele:<br \/>\n00385 99 712 7777<br \/>\n00385 91 619 8060<br \/>\nemail: <a href=\"mailto:zephyrcasino@gmail.com\">zephyrcasino@gmail.com<\/a>\n\t<p>Copyright \u00a9 2020 Hotel &#038; Casino Zephyr<\/p>","protected":false},"excerpt":{"rendered":"<p>CASINO EVERY DAY from 07:00 to 05:00 More&#8230; RESTAURANT EVERY DAY from 12:00 to 23:00 More&#8230; HOTEL EVERY DAY 24h More&#8230; ABOUT US Casino and Hotel Zephyr with a long tradition is a place of fun and relaxation under a Mediterranean climate. In addition to gambling, we also offer accommodation and excellent food choices in &hellip;<\/p>\n<p class=\"read-more\"> <a class=\"\" href=\"https:\/\/casinozephyr.net\/it\/\"> <span class=\"screen-reader-text\">Home<\/span> Leggi altro &raquo;<\/a><\/p>","protected":false},"author":1,"featured_media":0,"parent":0,"menu_order":0,"comment_status":"closed","ping_status":"closed","template":"","meta":{"_uag_custom_page_level_css":"","footnotes":""},"class_list":["post-17","page","type-page","status-publish","hentry"],"yoast_head":"<!-- This site is optimized with the Yoast SEO plugin v27.4 - https:\/\/yoast.com\/product\/yoast-seo-wordpress\/ -->\n<title>Home - HOTEL &amp; CASINO ZEPHYR<\/title>\n<meta name=\"robots\" content=\"index, follow, max-snippet:-1, max-image-preview:large, max-video-preview:-1\" \/>\n<link rel=\"canonical\" href=\"https:\/\/casinozephyr.net\/it\/\" \/>\n<meta property=\"og:locale\" content=\"it_IT\" \/>\n<meta property=\"og:type\" content=\"article\" \/>\n<meta property=\"og:title\" content=\"Home - HOTEL &amp; CASINO ZEPHYR\" \/>\n<meta property=\"og:description\" content=\"CASINO EVERY DAY from 07:00 to 05:00 More&#8230; RESTAURANT EVERY DAY from 12:00 to 23:00 More&#8230; HOTEL EVERY DAY 24h More&#8230; ABOUT US Casino and Hotel Zephyr with a long tradition is a place of fun and relaxation under a Mediterranean climate. In addition to gambling, we also offer accommodation and excellent food choices in &hellip; Home Leggi altro &raquo;\" \/>\n<meta property=\"og:url\" content=\"https:\/\/casinozephyr.net\/it\/\" \/>\n<meta property=\"og:site_name\" content=\"HOTEL &amp; CASINO ZEPHYR\" \/>\n<meta property=\"article:publisher\" content=\"https:\/\/www.facebook.com\/CasinoZephyr\" \/>\n<meta property=\"article:modified_time\" content=\"2026-04-17T08:45:41+00:00\" \/>\n<meta property=\"og:image\" content=\"https:\/\/casinozephyr.net\/wp-content\/uploads\/2020\/08\/Novi-logo-200.png\" \/>\n<meta name=\"twitter:card\" content=\"summary_large_image\" \/>\n<meta name=\"twitter:label1\" content=\"Tempo di lettura stimato\" \/>\n\t<meta name=\"twitter:data1\" content=\"3 minuti\" \/>\n<script type=\"application\/ld+json\" class=\"yoast-schema-graph\">{\"@context\":\"https:\\\/\\\/schema.org\",\"@graph\":[{\"@type\":\"WebPage\",\"@id\":\"https:\\\/\\\/casinozephyr.net\\\/\",\"url\":\"https:\\\/\\\/casinozephyr.net\\\/\",\"name\":\"Home - HOTEL &amp; CASINO ZEPHYR\",\"isPartOf\":{\"@id\":\"https:\\\/\\\/casinozephyr.net\\\/#website\"},\"primaryImageOfPage\":{\"@id\":\"https:\\\/\\\/casinozephyr.net\\\/#primaryimage\"},\"image\":{\"@id\":\"https:\\\/\\\/casinozephyr.net\\\/#primaryimage\"},\"thumbnailUrl\":\"https:\\\/\\\/casinozephyr.net\\\/wp-content\\\/uploads\\\/2020\\\/08\\\/Novi-logo-200.png\",\"datePublished\":\"2018-11-19T19:50:38+00:00\",\"dateModified\":\"2026-04-17T08:45:41+00:00\",\"breadcrumb\":{\"@id\":\"https:\\\/\\\/casinozephyr.net\\\/#breadcrumb\"},\"inLanguage\":\"it-IT\",\"potentialAction\":[{\"@type\":\"ReadAction\",\"target\":[\"https:\\\/\\\/casinozephyr.net\\\/\"]}]},{\"@type\":\"ImageObject\",\"inLanguage\":\"it-IT\",\"@id\":\"https:\\\/\\\/casinozephyr.net\\\/#primaryimage\",\"url\":\"https:\\\/\\\/casinozephyr.net\\\/wp-content\\\/uploads\\\/2020\\\/08\\\/Novi-logo-200.png\",\"contentUrl\":\"https:\\\/\\\/casinozephyr.net\\\/wp-content\\\/uploads\\\/2020\\\/08\\\/Novi-logo-200.png\"},{\"@type\":\"BreadcrumbList\",\"@id\":\"https:\\\/\\\/casinozephyr.net\\\/#breadcrumb\",\"itemListElement\":[{\"@type\":\"ListItem\",\"position\":1,\"name\":\"Home\",\"item\":\"https:\\\/\\\/casinozephyr.net\\\/\"},{\"@type\":\"ListItem\",\"position\":2,\"name\":\"Home\"}]},{\"@type\":\"WebSite\",\"@id\":\"https:\\\/\\\/casinozephyr.net\\\/#website\",\"url\":\"https:\\\/\\\/casinozephyr.net\\\/\",\"name\":\"HOTEL & CASINO ZEPHYR\",\"description\":\"Casino Zephyr\",\"publisher\":{\"@id\":\"https:\\\/\\\/casinozephyr.net\\\/#organization\"},\"potentialAction\":[{\"@type\":\"SearchAction\",\"target\":{\"@type\":\"EntryPoint\",\"urlTemplate\":\"https:\\\/\\\/casinozephyr.net\\\/?s={search_term_string}\"},\"query-input\":{\"@type\":\"PropertyValueSpecification\",\"valueRequired\":true,\"valueName\":\"search_term_string\"}}],\"inLanguage\":\"it-IT\"},{\"@type\":\"Organization\",\"@id\":\"https:\\\/\\\/casinozephyr.net\\\/#organization\",\"name\":\"HOTEL & CASINO ZEPHYR\",\"url\":\"https:\\\/\\\/casinozephyr.net\\\/\",\"logo\":{\"@type\":\"ImageObject\",\"inLanguage\":\"it-IT\",\"@id\":\"https:\\\/\\\/casinozephyr.net\\\/#\\\/schema\\\/logo\\\/image\\\/\",\"url\":\"https:\\\/\\\/casinozephyr.net\\\/wp-content\\\/uploads\\\/2026\\\/02\\\/logo4.png\",\"contentUrl\":\"https:\\\/\\\/casinozephyr.net\\\/wp-content\\\/uploads\\\/2026\\\/02\\\/logo4.png\",\"width\":185,\"height\":74,\"caption\":\"HOTEL & CASINO ZEPHYR\"},\"image\":{\"@id\":\"https:\\\/\\\/casinozephyr.net\\\/#\\\/schema\\\/logo\\\/image\\\/\"},\"sameAs\":[\"https:\\\/\\\/www.facebook.com\\\/CasinoZephyr\"]}]}<\/script>\n<!-- \/ Yoast SEO plugin. -->","yoast_head_json":{"title":"Home - HOTEL &amp; CASINO ZEPHYR","robots":{"index":"index","follow":"follow","max-snippet":"max-snippet:-1","max-image-preview":"max-image-preview:large","max-video-preview":"max-video-preview:-1"},"canonical":"https:\/\/casinozephyr.net\/it\/","og_locale":"it_IT","og_type":"article","og_title":"Home - HOTEL &amp; CASINO ZEPHYR","og_description":"CASINO EVERY DAY from 07:00 to 05:00 More&#8230; RESTAURANT EVERY DAY from 12:00 to 23:00 More&#8230; HOTEL EVERY DAY 24h More&#8230; ABOUT US Casino and Hotel Zephyr with a long tradition is a place of fun and relaxation under a Mediterranean climate. In addition to gambling, we also offer accommodation and excellent food choices in &hellip; Home Leggi altro &raquo;","og_url":"https:\/\/casinozephyr.net\/it\/","og_site_name":"HOTEL &amp; CASINO ZEPHYR","article_publisher":"https:\/\/www.facebook.com\/CasinoZephyr","article_modified_time":"2026-04-17T08:45:41+00:00","og_image":[{"url":"https:\/\/casinozephyr.net\/wp-content\/uploads\/2020\/08\/Novi-logo-200.png","type":"","width":"","height":""}],"twitter_card":"summary_large_image","twitter_misc":{"Tempo di lettura stimato":"3 minuti"},"schema":{"@context":"https:\/\/schema.org","@graph":[{"@type":"WebPage","@id":"https:\/\/casinozephyr.net\/","url":"https:\/\/casinozephyr.net\/","name":"Home - HOTEL &amp; CASINO ZEPHYR","isPartOf":{"@id":"https:\/\/casinozephyr.net\/#website"},"primaryImageOfPage":{"@id":"https:\/\/casinozephyr.net\/#primaryimage"},"image":{"@id":"https:\/\/casinozephyr.net\/#primaryimage"},"thumbnailUrl":"https:\/\/casinozephyr.net\/wp-content\/uploads\/2020\/08\/Novi-logo-200.png","datePublished":"2018-11-19T19:50:38+00:00","dateModified":"2026-04-17T08:45:41+00:00","breadcrumb":{"@id":"https:\/\/casinozephyr.net\/#breadcrumb"},"inLanguage":"it-IT","potentialAction":[{"@type":"ReadAction","target":["https:\/\/casinozephyr.net\/"]}]},{"@type":"ImageObject","inLanguage":"it-IT","@id":"https:\/\/casinozephyr.net\/#primaryimage","url":"https:\/\/casinozephyr.net\/wp-content\/uploads\/2020\/08\/Novi-logo-200.png","contentUrl":"https:\/\/casinozephyr.net\/wp-content\/uploads\/2020\/08\/Novi-logo-200.png"},{"@type":"BreadcrumbList","@id":"https:\/\/casinozephyr.net\/#breadcrumb","itemListElement":[{"@type":"ListItem","position":1,"name":"Home","item":"https:\/\/casinozephyr.net\/"},{"@type":"ListItem","position":2,"name":"Home"}]},{"@type":"WebSite","@id":"https:\/\/casinozephyr.net\/#website","url":"https:\/\/casinozephyr.net\/","name":"HOTEL & CASINO ZEPHYR","description":"Casino Zephyr","publisher":{"@id":"https:\/\/casinozephyr.net\/#organization"},"potentialAction":[{"@type":"SearchAction","target":{"@type":"EntryPoint","urlTemplate":"https:\/\/casinozephyr.net\/?s={search_term_string}"},"query-input":{"@type":"PropertyValueSpecification","valueRequired":true,"valueName":"search_term_string"}}],"inLanguage":"it-IT"},{"@type":"Organization","@id":"https:\/\/casinozephyr.net\/#organization","name":"HOTEL & CASINO ZEPHYR","url":"https:\/\/casinozephyr.net\/","logo":{"@type":"ImageObject","inLanguage":"it-IT","@id":"https:\/\/casinozephyr.net\/#\/schema\/logo\/image\/","url":"https:\/\/casinozephyr.net\/wp-content\/uploads\/2026\/02\/logo4.png","contentUrl":"https:\/\/casinozephyr.net\/wp-content\/uploads\/2026\/02\/logo4.png","width":185,"height":74,"caption":"HOTEL & CASINO ZEPHYR"},"image":{"@id":"https:\/\/casinozephyr.net\/#\/schema\/logo\/image\/"},"sameAs":["https:\/\/www.facebook.com\/CasinoZephyr"]}]}},"uagb_featured_image_src":{"full":false,"thumbnail":false,"medium":false,"medium_large":false,"large":false,"1536x1536":false,"2048x2048":false,"trp-custom-language-flag":false},"uagb_author_info":{"display_name":"admin","author_link":"https:\/\/casinozephyr.net\/it\/author\/admin\/"},"uagb_comment_info":0,"uagb_excerpt":"CASINO EVERY DAY from 07:00 to 05:00 More&#8230; RESTAURANT EVERY DAY from 12:00 to 23:00 More&#8230; HOTEL EVERY DAY 24h More&#8230; ABOUT US Casino and Hotel Zephyr with a long tradition is a place of fun and relaxation under a Mediterranean climate. In addition to gambling, we also offer accommodation and excellent food choices in&hellip;","_links":{"self":[{"href":"https:\/\/casinozephyr.net\/it\/wp-json\/wp\/v2\/pages\/17","targetHints":{"allow":["GET"]}}],"collection":[{"href":"https:\/\/casinozephyr.net\/it\/wp-json\/wp\/v2\/pages"}],"about":[{"href":"https:\/\/casinozephyr.net\/it\/wp-json\/wp\/v2\/types\/page"}],"author":[{"embeddable":true,"href":"https:\/\/casinozephyr.net\/it\/wp-json\/wp\/v2\/users\/1"}],"replies":[{"embeddable":true,"href":"https:\/\/casinozephyr.net\/it\/wp-json\/wp\/v2\/comments?post=17"}],"version-history":[{"count":125,"href":"https:\/\/casinozephyr.net\/it\/wp-json\/wp\/v2\/pages\/17\/revisions"}],"predecessor-version":[{"id":25186,"href":"https:\/\/casinozephyr.net\/it\/wp-json\/wp\/v2\/pages\/17\/revisions\/25186"}],"wp:attachment":[{"href":"https:\/\/casinozephyr.net\/it\/wp-json\/wp\/v2\/media?parent=17"}],"curies":[{"name":"wp","href":"https:\/\/api.w.org\/{rel}","templated":true}]}}