{"id":17,"date":"2018-11-19T19:50:38","date_gmt":"2018-11-19T19:50:38","guid":{"rendered":"http:\/\/localhost\/wordpress\/home\/"},"modified":"2026-04-17T10:45:41","modified_gmt":"2026-04-17T08:45:41","slug":"home","status":"publish","type":"page","link":"https:\/\/casinozephyr.net\/hr\/","title":{"rendered":"Home"},"content":{"rendered":"<img loading=\"lazy\" decoding=\"async\" src=\"https:\/\/casinozephyr.net\/wp-content\/uploads\/2020\/08\/Novi-logo-200.png\" alt=\"Novi logo 200\" itemprop=\"image\" height=\"77\" width=\"200\" title=\"Novi logo 200\" onerror=\"this.style.display='none'\"  \/>\n\t\t\t\t<img decoding=\"async\" src=\"http:\/\/localhost\/wordpress\/wp-content\/uploads\/2020\/08\/9N3B8082-Large.jpg\" alt=\"9N3B8082 (Large)\" itemprop=\"image\"\/>\n\t\t\t<h3>\n\t\t\t\t\tCASINO\n\t\t\t\t<\/h3>\n\t\t\t\n\t<strong>SVAKI DAN<br \/>\n od 07:00 do 05:00<\/strong>\n\t<a href=\"#casino\" target=\"_self\" role=\"button\">\n\t\t\t\tMore&#8230;\n\t\t\t<\/a>\n\t\t\t\t<img decoding=\"async\" src=\"http:\/\/localhost\/wordpress\/wp-content\/uploads\/2020\/08\/9N3B8016-Large.jpg\" alt=\"9N3B8016 (Large)\" itemprop=\"image\"\/>\n\t\t\t<h3>\n\t\t\t\t\tRESTORAN\n\t\t\t\t<\/h3>\n\t\t\t\n\t<strong>SVAKI DAN<br \/>\nod 12:00 do 23:00<\/strong>\n\t<a href=\"#restaurant\" target=\"_self\" role=\"button\">\n\t\t\t\tMore&#8230;\n\t\t\t<\/a>\n\t\t\t\t<img decoding=\"async\" src=\"http:\/\/localhost\/wordpress\/wp-content\/uploads\/2020\/08\/9N3B8362-Large.jpg\" alt=\"9N3B8362 (Large)\" itemprop=\"image\"\/>\n\t\t\t<h3>\n\t\t\t\t\tSMJE\u0160TAJ\n\t\t\t\t<\/h3>\n\t\t\t\n\t<p><strong>SVAKI DAN 24h<\/strong><\/p>\n\t<a href=\"#hotel\" target=\"_self\" role=\"button\">\n\t\t\t\tMore&#8230;\n\t\t\t<\/a>\n\t\t\t<h2>\n\t\t\t\t\tO NAMA\n\t\t\t\t<\/h2>\n\t\t\t\n\tCasino Zephyr s vi\u0161egodi\u0161njom tradicijom mjesto je zabave i opu\u0161tanja u mediteranskoj klimi. Osim igara na sre\u0107u nudimo i smje\u0161taj i odli\u010dan izbor hrane u restoranu. <br \/>Posebno smo ponosni na na\u0161 restoran Plovanija u kojem \u0107e izvrsni kuhari za vas pripremati izvrsna jela. Nudimo jelovnik a-la-carte, a birati mo\u017eete izme\u0111u tradicionalnih istarskih jela i ribljih specijaliteta.<br \/>\nCasino Zephyr nudi \u017eive igre: Black Jack, ameri\u010dki rulet, poker. Naravno, tu su i elektronski rulet i \u0161iroki izbor najnaprednijih aparata za igre.<br \/>\nNudimo besplatno parkiranje na privatnom parkirali\u0161tu koji se nalazi neposredno uz zgradu. Pored toga vam je u \u010ditavom objektu na raspolaganje besplatan be\u017ei\u010dni internet.<br \/>\nHotel i Casino Zephyr nalaze se u blizini golf terena Crveni vrh, koji je udaljen 11 kilometara. Od slovenske je granice udaljeno samo 5 minuta i samo 1 km od Istarskog ipsilona. Blizu su i pla\u017ea Kanegra, grad Umag, atraktivan gradi\u0107 Gro\u017enjan i naposljetku je tu i Pula.<br \/>\nU Puli mo\u017eete posjetiti tre\u0107i najve\u0107i amfiteatar u Europi ili posjetiti Nacionalni Park Brijuni gdje \u0107e vas o\u010darati netaknuta priroda i \u010disto more. Zanimljiv je i izlet u istarsko zale\u0111e, poznato po odli\u010dnom maslinovom ulju i vinu. U na\u0161oj blizini nalaze se brojni vinski podrumi u kojima mo\u017eete ku\u0161ati vina. I ina\u010de je okolica vi\u0161e nego primjerena za pje\u0161a\u010denje i biciklizam, a mo\u017eete krenuti i u lov za tartufe. Pore\u010d, Rovinj, Umag, Savudrija zanimljivi su za posjetitelje jer se mo\u017eete na ovda\u0161njim pla\u017eama odmoriti nakon posjete grada. Zanimljivi su i Limski kanal i fjord u Plominu.<br \/>\nOmiljeni vodeni park Istralandia udaljen je oko 12 kilometara.\n\t\t\t<h2>\n\t\t\t\t\tNAGRADNA IGRA\n\t\t\t\t<\/h2>\n\t\t\t\n\t\t\t\t<img loading=\"lazy\" decoding=\"async\" src=\"https:\/\/casinozephyr.net\/wp-content\/uploads\/2025\/06\/TURNO-KOLO-13.09.2025.-A4-900.jpg\" alt=\"TURNO KOLO - 13.09.2025. (A4) (900)\" itemprop=\"image\" height=\"1253\" width=\"900\" title=\"TURNO KOLO - 13.09.2025. (A4) (900)\" onerror=\"this.style.display='none'\"  \/>\n\t<a href=\"https:\/\/casinozephyr.net\/wp-content\/uploads\/2025\/06\/Pravilnik-nagradne-igre-2025.-2026.-TOCAN.pdf\" target=\"_blank\" role=\"button\" rel=\"noopener\" >\n\t\t\t\tPRAVILA NAGRADNE IGRE\n\t\t\t<\/a>\n\t<a href=\"https:\/\/casinozephyr.net\/wp-content\/uploads\/2026\/02\/REZULTATI-NAGRADNE-IGRE-PROMO-POBJEDNICI-21.02.2026.pdf\" target=\"_blank\" role=\"button\" rel=\"noopener\" >\n\t\t\t\tWINNERS OF THE PRIZE GAME &#8211; PROMO\n\t\t\t<\/a>\n\t\t\t<h2>\n\t\t\t\t\tCASINO\n\t\t\t\t<\/h2>\n\t\t\t\n                    <img decoding=\"async\" src=\"https:\/\/casinozephyr.net\/wp-content\/uploads\/2020\/08\/9N3B8117-Large.jpg\" alt=\"\" \/>\n                    <img decoding=\"async\" src=\"https:\/\/casinozephyr.net\/wp-content\/uploads\/2020\/08\/9N3B8326-Large.jpg\" alt=\"\" \/>\n                    <img decoding=\"async\" src=\"https:\/\/casinozephyr.net\/wp-content\/uploads\/2020\/08\/9N3B8290-Large.jpg\" alt=\"\" \/>\n                    <img decoding=\"async\" src=\"https:\/\/casinozephyr.net\/wp-content\/uploads\/2020\/08\/9N3B8187-Large-1.jpg\" alt=\"\" \/>\n                    <img decoding=\"async\" src=\"https:\/\/casinozephyr.net\/wp-content\/uploads\/2020\/08\/9N3B8216-Large.jpg\" alt=\"\" \/>\n                    <img decoding=\"async\" src=\"https:\/\/casinozephyr.net\/wp-content\/uploads\/2020\/08\/9N3B8092-Large.jpg\" alt=\"\" \/>\n                    <img decoding=\"async\" src=\"https:\/\/casinozephyr.net\/wp-content\/uploads\/2020\/08\/9N3B8049-Large.jpg\" alt=\"\" \/>\n                    <img decoding=\"async\" src=\"https:\/\/casinozephyr.net\/wp-content\/uploads\/2020\/08\/9N3B8086-Large.jpg\" alt=\"\" \/>\n                    <img decoding=\"async\" src=\"https:\/\/casinozephyr.net\/wp-content\/uploads\/2020\/08\/9N3B8139-Large.jpg\" alt=\"\" \/>\n\t<p>Casino nudi u\u017eivanje u igrama kako zahtjevnim igra\u010dima tako i onima koji \u017eele nekoliko sati provesti igraju\u0107i na razne igra\u010de automate. U prostoru se nalazi \u010dak 77 automata za igre, jedan elektronski rulet s mjestima za 8 igra\u010da i \u010detiri igra\u010da stola za \u017eivu igru: Black Jack, Ameri\u010dki rulet, Poker. U kasinu je i bar koji je otvoren 24 sati.<\/p>\n\t\t\t<h2>\n\t\t\t\t\tRESTORAN\n\t\t\t\t<\/h2>\n\t\t\t\n\t<p>Restoran Plovanija nudi jelovnik a-la-carte. Mo\u017eete birati izme\u0111u tradicionalnih istarskih specijaliteta, uklju\u010duju\u0107i i riblja jela. Bogata je i ponuda vina, mo\u017eete birati izme\u0111u doma\u0107ih i stranih vina.<\/p>\n                    <img decoding=\"async\" src=\"https:\/\/casinozephyr.net\/wp-content\/uploads\/2020\/08\/9N3B8332-Large.jpg\" alt=\"\" \/>\n                    <img decoding=\"async\" src=\"https:\/\/casinozephyr.net\/wp-content\/uploads\/2020\/08\/9N3B8340-Large.jpg\" alt=\"\" \/>\n                    <img decoding=\"async\" src=\"https:\/\/casinozephyr.net\/wp-content\/uploads\/2020\/08\/9N3B8016-Large-1.jpg\" alt=\"\" \/>\n                    <img decoding=\"async\" src=\"https:\/\/casinozephyr.net\/wp-content\/uploads\/2020\/08\/9N3B8401-Large.jpg\" alt=\"\" \/>\n                    <img decoding=\"async\" src=\"https:\/\/casinozephyr.net\/wp-content\/uploads\/2020\/08\/9N3B8019-Large.jpg\" alt=\"\" \/>\n\t\t\t<h2>\n\t\t\t\t\tSMJE\u0160TAJ\n\t\t\t\t<\/h2>\n\t\t\t\n                    <img decoding=\"async\" src=\"https:\/\/casinozephyr.net\/wp-content\/uploads\/2020\/08\/casino-terasa-in-vhod-Large.jpg\" alt=\"\" \/>\n                    <img decoding=\"async\" src=\"https:\/\/casinozephyr.net\/wp-content\/uploads\/2020\/08\/9N3B8379-Large-2.jpg\" alt=\"\" \/>\n                    <img decoding=\"async\" src=\"https:\/\/casinozephyr.net\/wp-content\/uploads\/2020\/08\/9N3B8345-Large-2.jpg\" alt=\"\" \/>\n                    <img decoding=\"async\" src=\"https:\/\/casinozephyr.net\/wp-content\/uploads\/2020\/08\/9N3B8347-new.jpg\" alt=\"\" \/>\n                    <img decoding=\"async\" src=\"https:\/\/casinozephyr.net\/wp-content\/uploads\/2020\/08\/9N3B8382-Large.jpg\" alt=\"\" \/>\n                    <img decoding=\"async\" src=\"https:\/\/casinozephyr.net\/wp-content\/uploads\/2020\/08\/9N3B8362-Large-3.jpg\" alt=\"\" \/>\n                    <img decoding=\"async\" src=\"https:\/\/casinozephyr.net\/wp-content\/uploads\/2020\/08\/9N3B8346-new.jpg\" alt=\"\" \/>\n\t<p>Hotel raspola\u017ee s 22 sobe od kojih su 3 jednokrevetne, 11 soba ima veliki bra\u010dni krevet, 4 sobe su trokrevetne i 4 suite za 4 osobe. Sve su sobe opremljene telefonom, televizijom, mini barom i klimom. <br>Po zimi su sve sobe grijane. Ve\u0107ina soba ima i balkon.<\/p>\n<p>U svim je sobama postoji mogu\u0107nost besplatnog interneta. Besplatan je i privatni parking uz hotel. Nakon dolaska u portoro\u0161ku zra\u010dnu luku organiziramo i prijevoz od zra\u010dne luke.<\/p>\n\t\t\t<h2>\n\t\t\t\t\tRADNO VRIJEME\n\t\t\t\t<\/h2>\n\t\t\t\n\t<em><strong>Casino<\/strong><\/em><br \/>\nSVAKI DAN<br \/>\n od 07:00 do 05:00\n\t<strong><em>\u017diva igra<\/em><\/strong><br \/>\nSVAKI DAN<br \/>\nOD PONEDJELJKA DO SUBOTE od 18 do 2 sata<br \/>\nNEDJELJA od 14 do 2 sata\n\t<em><strong>Hotelska Recepcija<\/strong><\/em><br \/>\nSVAKI DAN 24h\n\t<em><strong>Restoran Plovanija<\/strong><\/em><br \/>\nSVAKI DAN<br \/>\nod 12:00 do 23:00\n<h3>\n\t\tGDJE SMO\n\t<\/h3>\n\t<p>Casino i hotel Zephyr nalaze se na izvrsnoj lokaciji u sjevernoj Istri, samo 5 minuta od slovensko-hrvatske granice i 1 km od Istarskog ipsilona. U neposrednoj blizini je zra\u010dna luka Portoro\u017e.<\/p>\n\t<iframe src=\"https:\/\/www.google.com\/maps\/embed\/v1\/place?q=Hotel+Zephyr&#038;key=AIzaSyD09zQ9PNDNNy9TadMuzRV_UsPUoWKntt8\" aria-hidden=\"true\"><\/iframe>\n<h3>\n\t\tKONTAKT\n\t<\/h3>\n\tHOTEL &#038; CASINO ZEPHYR<br \/>\nPortoro\u0161ka 3, Plovanija<br \/>\n52460 Buje, Croatia\nCasino:<br \/>\n00385 91 600 1605<br \/>\nMichele:<br \/>\n00385 99 712 7777<br \/>\n00385 91 619 8060<br \/>\nemail: <a href=\"mailto:zephyrcasino@gmail.com\">zephyrcasino@gmail.com<\/a>\n\t<p>Copyright \u00a9 2020 Hotel &#038; Casino Zephyr<\/p>","protected":false},"excerpt":{"rendered":"<p>CASINO EVERY DAY from 07:00 to 05:00 More&#8230; RESTAURANT EVERY DAY from 12:00 to 23:00 More&#8230; HOTEL EVERY DAY 24h More&#8230; ABOUT US Casino and Hotel Zephyr with a long tradition is a place of fun and relaxation under a Mediterranean climate. In addition to gambling, we also offer accommodation and excellent food choices in &hellip;<\/p>\n<p class=\"read-more\"> <a class=\"\" href=\"https:\/\/casinozephyr.net\/hr\/\"> <span class=\"screen-reader-text\">Home<\/span> Read More &raquo;<\/a><\/p>","protected":false},"author":1,"featured_media":0,"parent":0,"menu_order":0,"comment_status":"closed","ping_status":"closed","template":"","meta":{"_uag_custom_page_level_css":"","footnotes":""},"class_list":["post-17","page","type-page","status-publish","hentry"],"yoast_head":"<!-- This site is optimized with the Yoast SEO plugin v27.4 - https:\/\/yoast.com\/product\/yoast-seo-wordpress\/ -->\n<title>Home - HOTEL &amp; CASINO ZEPHYR<\/title>\n<meta name=\"robots\" content=\"index, follow, max-snippet:-1, max-image-preview:large, max-video-preview:-1\" \/>\n<link rel=\"canonical\" href=\"https:\/\/casinozephyr.net\/hr\/\" \/>\n<meta property=\"og:locale\" content=\"hr_HR\" \/>\n<meta property=\"og:type\" content=\"article\" \/>\n<meta property=\"og:title\" content=\"Home - HOTEL &amp; CASINO ZEPHYR\" \/>\n<meta property=\"og:description\" content=\"CASINO EVERY DAY from 07:00 to 05:00 More&#8230; RESTAURANT EVERY DAY from 12:00 to 23:00 More&#8230; HOTEL EVERY DAY 24h More&#8230; ABOUT US Casino and Hotel Zephyr with a long tradition is a place of fun and relaxation under a Mediterranean climate. In addition to gambling, we also offer accommodation and excellent food choices in &hellip; Home Read More &raquo;\" \/>\n<meta property=\"og:url\" content=\"https:\/\/casinozephyr.net\/hr\/\" \/>\n<meta property=\"og:site_name\" content=\"HOTEL &amp; CASINO ZEPHYR\" \/>\n<meta property=\"article:publisher\" content=\"https:\/\/www.facebook.com\/CasinoZephyr\" \/>\n<meta property=\"article:modified_time\" content=\"2026-04-17T08:45:41+00:00\" \/>\n<meta property=\"og:image\" content=\"https:\/\/casinozephyr.net\/wp-content\/uploads\/2020\/08\/Novi-logo-200.png\" \/>\n<meta name=\"twitter:card\" content=\"summary_large_image\" \/>\n<meta name=\"twitter:label1\" content=\"Procijenjeno vrijeme \u010ditanja\" \/>\n\t<meta name=\"twitter:data1\" content=\"3 minute\" \/>\n<script type=\"application\/ld+json\" class=\"yoast-schema-graph\">{\"@context\":\"https:\\\/\\\/schema.org\",\"@graph\":[{\"@type\":\"WebPage\",\"@id\":\"https:\\\/\\\/casinozephyr.net\\\/\",\"url\":\"https:\\\/\\\/casinozephyr.net\\\/\",\"name\":\"Home - HOTEL &amp; CASINO ZEPHYR\",\"isPartOf\":{\"@id\":\"https:\\\/\\\/casinozephyr.net\\\/#website\"},\"primaryImageOfPage\":{\"@id\":\"https:\\\/\\\/casinozephyr.net\\\/#primaryimage\"},\"image\":{\"@id\":\"https:\\\/\\\/casinozephyr.net\\\/#primaryimage\"},\"thumbnailUrl\":\"https:\\\/\\\/casinozephyr.net\\\/wp-content\\\/uploads\\\/2020\\\/08\\\/Novi-logo-200.png\",\"datePublished\":\"2018-11-19T19:50:38+00:00\",\"dateModified\":\"2026-04-17T08:45:41+00:00\",\"breadcrumb\":{\"@id\":\"https:\\\/\\\/casinozephyr.net\\\/#breadcrumb\"},\"inLanguage\":\"hr\",\"potentialAction\":[{\"@type\":\"ReadAction\",\"target\":[\"https:\\\/\\\/casinozephyr.net\\\/\"]}]},{\"@type\":\"ImageObject\",\"inLanguage\":\"hr\",\"@id\":\"https:\\\/\\\/casinozephyr.net\\\/#primaryimage\",\"url\":\"https:\\\/\\\/casinozephyr.net\\\/wp-content\\\/uploads\\\/2020\\\/08\\\/Novi-logo-200.png\",\"contentUrl\":\"https:\\\/\\\/casinozephyr.net\\\/wp-content\\\/uploads\\\/2020\\\/08\\\/Novi-logo-200.png\"},{\"@type\":\"BreadcrumbList\",\"@id\":\"https:\\\/\\\/casinozephyr.net\\\/#breadcrumb\",\"itemListElement\":[{\"@type\":\"ListItem\",\"position\":1,\"name\":\"Home\",\"item\":\"https:\\\/\\\/casinozephyr.net\\\/\"},{\"@type\":\"ListItem\",\"position\":2,\"name\":\"Home\"}]},{\"@type\":\"WebSite\",\"@id\":\"https:\\\/\\\/casinozephyr.net\\\/#website\",\"url\":\"https:\\\/\\\/casinozephyr.net\\\/\",\"name\":\"HOTEL & CASINO ZEPHYR\",\"description\":\"Casino Zephyr\",\"publisher\":{\"@id\":\"https:\\\/\\\/casinozephyr.net\\\/#organization\"},\"potentialAction\":[{\"@type\":\"SearchAction\",\"target\":{\"@type\":\"EntryPoint\",\"urlTemplate\":\"https:\\\/\\\/casinozephyr.net\\\/?s={search_term_string}\"},\"query-input\":{\"@type\":\"PropertyValueSpecification\",\"valueRequired\":true,\"valueName\":\"search_term_string\"}}],\"inLanguage\":\"hr\"},{\"@type\":\"Organization\",\"@id\":\"https:\\\/\\\/casinozephyr.net\\\/#organization\",\"name\":\"HOTEL & CASINO ZEPHYR\",\"url\":\"https:\\\/\\\/casinozephyr.net\\\/\",\"logo\":{\"@type\":\"ImageObject\",\"inLanguage\":\"hr\",\"@id\":\"https:\\\/\\\/casinozephyr.net\\\/#\\\/schema\\\/logo\\\/image\\\/\",\"url\":\"https:\\\/\\\/casinozephyr.net\\\/wp-content\\\/uploads\\\/2026\\\/02\\\/logo4.png\",\"contentUrl\":\"https:\\\/\\\/casinozephyr.net\\\/wp-content\\\/uploads\\\/2026\\\/02\\\/logo4.png\",\"width\":185,\"height\":74,\"caption\":\"HOTEL & CASINO ZEPHYR\"},\"image\":{\"@id\":\"https:\\\/\\\/casinozephyr.net\\\/#\\\/schema\\\/logo\\\/image\\\/\"},\"sameAs\":[\"https:\\\/\\\/www.facebook.com\\\/CasinoZephyr\"]}]}<\/script>\n<!-- \/ Yoast SEO plugin. -->","yoast_head_json":{"title":"Home - HOTEL &amp; CASINO ZEPHYR","robots":{"index":"index","follow":"follow","max-snippet":"max-snippet:-1","max-image-preview":"max-image-preview:large","max-video-preview":"max-video-preview:-1"},"canonical":"https:\/\/casinozephyr.net\/hr\/","og_locale":"hr_HR","og_type":"article","og_title":"Home - HOTEL &amp; CASINO ZEPHYR","og_description":"CASINO EVERY DAY from 07:00 to 05:00 More&#8230; RESTAURANT EVERY DAY from 12:00 to 23:00 More&#8230; HOTEL EVERY DAY 24h More&#8230; ABOUT US Casino and Hotel Zephyr with a long tradition is a place of fun and relaxation under a Mediterranean climate. In addition to gambling, we also offer accommodation and excellent food choices in &hellip; Home Read More &raquo;","og_url":"https:\/\/casinozephyr.net\/hr\/","og_site_name":"HOTEL &amp; CASINO ZEPHYR","article_publisher":"https:\/\/www.facebook.com\/CasinoZephyr","article_modified_time":"2026-04-17T08:45:41+00:00","og_image":[{"url":"https:\/\/casinozephyr.net\/wp-content\/uploads\/2020\/08\/Novi-logo-200.png","type":"","width":"","height":""}],"twitter_card":"summary_large_image","twitter_misc":{"Procijenjeno vrijeme \u010ditanja":"3 minute"},"schema":{"@context":"https:\/\/schema.org","@graph":[{"@type":"WebPage","@id":"https:\/\/casinozephyr.net\/","url":"https:\/\/casinozephyr.net\/","name":"Home - HOTEL &amp; CASINO ZEPHYR","isPartOf":{"@id":"https:\/\/casinozephyr.net\/#website"},"primaryImageOfPage":{"@id":"https:\/\/casinozephyr.net\/#primaryimage"},"image":{"@id":"https:\/\/casinozephyr.net\/#primaryimage"},"thumbnailUrl":"https:\/\/casinozephyr.net\/wp-content\/uploads\/2020\/08\/Novi-logo-200.png","datePublished":"2018-11-19T19:50:38+00:00","dateModified":"2026-04-17T08:45:41+00:00","breadcrumb":{"@id":"https:\/\/casinozephyr.net\/#breadcrumb"},"inLanguage":"hr","potentialAction":[{"@type":"ReadAction","target":["https:\/\/casinozephyr.net\/"]}]},{"@type":"ImageObject","inLanguage":"hr","@id":"https:\/\/casinozephyr.net\/#primaryimage","url":"https:\/\/casinozephyr.net\/wp-content\/uploads\/2020\/08\/Novi-logo-200.png","contentUrl":"https:\/\/casinozephyr.net\/wp-content\/uploads\/2020\/08\/Novi-logo-200.png"},{"@type":"BreadcrumbList","@id":"https:\/\/casinozephyr.net\/#breadcrumb","itemListElement":[{"@type":"ListItem","position":1,"name":"Home","item":"https:\/\/casinozephyr.net\/"},{"@type":"ListItem","position":2,"name":"Home"}]},{"@type":"WebSite","@id":"https:\/\/casinozephyr.net\/#website","url":"https:\/\/casinozephyr.net\/","name":"HOTEL & CASINO ZEPHYR","description":"Casino Zephyr","publisher":{"@id":"https:\/\/casinozephyr.net\/#organization"},"potentialAction":[{"@type":"SearchAction","target":{"@type":"EntryPoint","urlTemplate":"https:\/\/casinozephyr.net\/?s={search_term_string}"},"query-input":{"@type":"PropertyValueSpecification","valueRequired":true,"valueName":"search_term_string"}}],"inLanguage":"hr"},{"@type":"Organization","@id":"https:\/\/casinozephyr.net\/#organization","name":"HOTEL & CASINO ZEPHYR","url":"https:\/\/casinozephyr.net\/","logo":{"@type":"ImageObject","inLanguage":"hr","@id":"https:\/\/casinozephyr.net\/#\/schema\/logo\/image\/","url":"https:\/\/casinozephyr.net\/wp-content\/uploads\/2026\/02\/logo4.png","contentUrl":"https:\/\/casinozephyr.net\/wp-content\/uploads\/2026\/02\/logo4.png","width":185,"height":74,"caption":"HOTEL & CASINO ZEPHYR"},"image":{"@id":"https:\/\/casinozephyr.net\/#\/schema\/logo\/image\/"},"sameAs":["https:\/\/www.facebook.com\/CasinoZephyr"]}]}},"uagb_featured_image_src":{"full":false,"thumbnail":false,"medium":false,"medium_large":false,"large":false,"1536x1536":false,"2048x2048":false,"trp-custom-language-flag":false},"uagb_author_info":{"display_name":"admin","author_link":"https:\/\/casinozephyr.net\/hr\/author\/admin\/"},"uagb_comment_info":0,"uagb_excerpt":"CASINO EVERY DAY from 07:00 to 05:00 More&#8230; RESTAURANT EVERY DAY from 12:00 to 23:00 More&#8230; HOTEL EVERY DAY 24h More&#8230; ABOUT US Casino and Hotel Zephyr with a long tradition is a place of fun and relaxation under a Mediterranean climate. In addition to gambling, we also offer accommodation and excellent food choices in&hellip;","_links":{"self":[{"href":"https:\/\/casinozephyr.net\/hr\/wp-json\/wp\/v2\/pages\/17","targetHints":{"allow":["GET"]}}],"collection":[{"href":"https:\/\/casinozephyr.net\/hr\/wp-json\/wp\/v2\/pages"}],"about":[{"href":"https:\/\/casinozephyr.net\/hr\/wp-json\/wp\/v2\/types\/page"}],"author":[{"embeddable":true,"href":"https:\/\/casinozephyr.net\/hr\/wp-json\/wp\/v2\/users\/1"}],"replies":[{"embeddable":true,"href":"https:\/\/casinozephyr.net\/hr\/wp-json\/wp\/v2\/comments?post=17"}],"version-history":[{"count":125,"href":"https:\/\/casinozephyr.net\/hr\/wp-json\/wp\/v2\/pages\/17\/revisions"}],"predecessor-version":[{"id":25186,"href":"https:\/\/casinozephyr.net\/hr\/wp-json\/wp\/v2\/pages\/17\/revisions\/25186"}],"wp:attachment":[{"href":"https:\/\/casinozephyr.net\/hr\/wp-json\/wp\/v2\/media?parent=17"}],"curies":[{"name":"wp","href":"https:\/\/api.w.org\/{rel}","templated":true}]}}